{"id":29,"date":"2024-03-26T15:12:33","date_gmt":"2024-03-26T15:12:33","guid":{"rendered":"https:\/\/demo.bravisthemes.com\/fixera\/?page_id=29"},"modified":"2026-05-06T07:24:35","modified_gmt":"2026-05-06T07:24:35","slug":"hizmetlerimiz","status":"publish","type":"page","link":"https:\/\/qr.reklamsart.com\/en\/hizmetlerimiz\/","title":{"rendered":"Hizmetlerimiz"},"content":{"rendered":"\t\t<div data-elementor-type=\"wp-page\" data-elementor-id=\"29\" class=\"elementor elementor-29\">\n\t\t\t\t        <section class=\"elementor-section elementor-top-section elementor-element elementor-element-b839098 elementor-section-height-min-height elementor-section-boxed elementor-section-height-default elementor-section-items-middle pxl-type-header-none pxl-row-scroll-none\" data-id=\"b839098\" data-element_type=\"section\" data-e-type=\"section\">\n\n                \n                <div class=\"elementor-container elementor-column-gap-extended \">\n                <div class=\"elementor-column elementor-col-100 elementor-top-column elementor-element elementor-element-6f6be6f pxl-column-element-default pxl-column-none pxl-column-overflow-hidden-no\" data-id=\"6f6be6f\" data-element_type=\"column\" data-e-type=\"column\">\r\n        <div class=\"elementor-widget-wrap elementor-element-populated\">\r\n                     \r\n        \t\t<div class=\"elementor-element elementor-element-3287a39 pxl-post-layout-service-2 elementor-widget elementor-widget-pxl_post_grid\" data-id=\"3287a39\" data-element_type=\"widget\" data-e-type=\"widget\" data-widget_type=\"pxl_post_grid.default\">\n\t\t\t\t<div class=\"elementor-widget-container\">\n\t\t\t\t\t\n<div id=\"pxl_post_grid-3287a39-1390\" class=\"pxl-grid pxl-service-grid pxl-service-grid-layout2 item-normal\" data-layout=\"masonry\" data-start-page=\"1\" data-max-pages=\"1\" data-total=\"4\" data-perpage=\"8\" data-next-link=\"\">\n    \n    <div class=\"pxl-grid-inner pxl-grid-masonry row\" data-gutter=\"15\">\n                    <div class=\"pxl-grid-item col-xl-3 col-lg-4 col-md-6 col-sm-6 col-12 qr-port-digital\">\n                <div class=\"pxl-item--inner wow fadeInUp\" data-wow-duration=\"1.2s\">\n                                            <div class=\"item--featured\">\n                            <a href=\"https:\/\/qr.reklamsart.com\/en\/service\/tesis-kurulumu\/\">\n                                <img fetchpriority=\"high\" decoding=\"async\" class=\"no-lazyload \" src=\"https:\/\/qr.reklamsart.com\/wp-content\/uploads\/2024\/05\/Image-electric-1-600x400.webp\" width=\"600\" height=\"400\" alt=\"Image-electric-1\" title=\"Image-electric-1\" \/>    \n                            <\/a>\n                        <\/div>\n                                        <div class=\"pxl-item-body\">\n                                                                            <div class=\"pxl-item--icon\">\n                                <a href=\"https:\/\/qr.reklamsart.com\/en\/service\/tesis-kurulumu\/\">\n                                    <i class=\"flaticon flaticon-icon-15\"><\/i>\n                                <\/a>\n                            <\/div>\n                                                                            <div class=\"item--category\">\n                                <a href=\"https:\/\/qr.reklamsart.com\/en\/service-category\/qr-port-digital\/\" rel=\"tag\">QR Port Digital<\/a>                            <\/div>\n                                                <h3 class=\"pxl-item--title\">\n                            <a href=\"https:\/\/qr.reklamsart.com\/en\/service\/tesis-kurulumu\/\">\n                                Tesis Kurulumu                            <\/a>\n                        <\/h3>\n                                                    <div class=\"pxl-item--content\">\n                                End\u00fcstriyel ve ticari tesisler i\u00e7in anahtar teslim elektrik altyap\u0131 \u00e7\u00f6z\u00fcmleri&hellip;                            <\/div>\n                                                                            <a class=\"btn-showmore\" href=\"https:\/\/qr.reklamsart.com\/en\/service\/tesis-kurulumu\/\">\n                                <i class=\"bravisicon bravisicon-long-arrow-right-three\"><\/i>\n                                <span>\n                                    Read More                                <\/span>\n                            <\/a>\n                                            <\/div>\n                <\/div>\n            <\/div>\n                    <div class=\"pxl-grid-item col-xl-3 col-lg-4 col-md-6 col-sm-6 col-12 qr-port-digital\">\n                <div class=\"pxl-item--inner wow fadeInUp\" data-wow-duration=\"1.2s\">\n                                            <div class=\"item--featured\">\n                            <a href=\"https:\/\/qr.reklamsart.com\/en\/service\/elektrik-taahhut\/\">\n                                <img decoding=\"async\" class=\"no-lazyload \" src=\"https:\/\/qr.reklamsart.com\/wp-content\/uploads\/2024\/04\/imag-sv-9-600x400.webp\" width=\"600\" height=\"400\" alt=\"imag-sv-9\" title=\"imag-sv-9\" \/>    \n                            <\/a>\n                        <\/div>\n                                        <div class=\"pxl-item-body\">\n                                                                            <div class=\"pxl-item--icon\">\n                                <a href=\"https:\/\/qr.reklamsart.com\/en\/service\/elektrik-taahhut\/\">\n                                    <i class=\"flaticon flaticon-icon-5\"><\/i>\n                                <\/a>\n                            <\/div>\n                                                                            <div class=\"item--category\">\n                                <a href=\"https:\/\/qr.reklamsart.com\/en\/service-category\/qr-port-digital\/\" rel=\"tag\">QR Port Digital<\/a>                            <\/div>\n                                                <h3 class=\"pxl-item--title\">\n                            <a href=\"https:\/\/qr.reklamsart.com\/en\/service\/elektrik-taahhut\/\">\n                                Elektrik Taahh\u00fct                            <\/a>\n                        <\/h3>\n                                                    <div class=\"pxl-item--content\">\n                                Konut, i\u015f yeri ve sanayi projelerinde elektrik taahh\u00fct hizmetleri ile&hellip;                            <\/div>\n                                                                            <a class=\"btn-showmore\" href=\"https:\/\/qr.reklamsart.com\/en\/service\/elektrik-taahhut\/\">\n                                <i class=\"bravisicon bravisicon-long-arrow-right-three\"><\/i>\n                                <span>\n                                    Read More                                <\/span>\n                            <\/a>\n                                            <\/div>\n                <\/div>\n            <\/div>\n                    <div class=\"pxl-grid-item col-xl-3 col-lg-4 col-md-6 col-sm-6 col-12 qr-port-digital\">\n                <div class=\"pxl-item--inner wow fadeInUp\" data-wow-duration=\"1.2s\">\n                                            <div class=\"item--featured\">\n                            <a href=\"https:\/\/qr.reklamsart.com\/en\/service\/topraklama-ve-paratoner\/\">\n                                <img decoding=\"async\" class=\"no-lazyload \" src=\"https:\/\/qr.reklamsart.com\/wp-content\/uploads\/2024\/03\/img-sv-6-600x400.webp\" width=\"600\" height=\"400\" alt=\"img-sv-6\" title=\"img-sv-6\" \/>    \n                            <\/a>\n                        <\/div>\n                                        <div class=\"pxl-item-body\">\n                                                                            <div class=\"pxl-item--icon\">\n                                <a href=\"https:\/\/qr.reklamsart.com\/en\/service\/topraklama-ve-paratoner\/\">\n                                    <i class=\"flaticon flaticon-icon-5\"><\/i>\n                                <\/a>\n                            <\/div>\n                                                                            <div class=\"item--category\">\n                                <a href=\"https:\/\/qr.reklamsart.com\/en\/service-category\/qr-port-digital\/\" rel=\"tag\">QR Port Digital<\/a>                            <\/div>\n                                                <h3 class=\"pxl-item--title\">\n                            <a href=\"https:\/\/qr.reklamsart.com\/en\/service\/topraklama-ve-paratoner\/\">\n                                Topraklama ve Paratoner                            <\/a>\n                        <\/h3>\n                                                    <div class=\"pxl-item--content\">\n                                Can ve mal g\u00fcvenli\u011fi i\u00e7in kritik \u00f6neme sahip topraklama ve&hellip;                            <\/div>\n                                                                            <a class=\"btn-showmore\" href=\"https:\/\/qr.reklamsart.com\/en\/service\/topraklama-ve-paratoner\/\">\n                                <i class=\"bravisicon bravisicon-long-arrow-right-three\"><\/i>\n                                <span>\n                                    Read More                                <\/span>\n                            <\/a>\n                                            <\/div>\n                <\/div>\n            <\/div>\n                    <div class=\"pxl-grid-item col-xl-3 col-lg-4 col-md-6 col-sm-6 col-12 qr-port-digital\">\n                <div class=\"pxl-item--inner wow fadeInUp\" data-wow-duration=\"1.2s\">\n                                            <div class=\"item--featured\">\n                            <a href=\"https:\/\/qr.reklamsart.com\/en\/service\/jenerator-ups-sistemleri\/\">\n                                <img loading=\"lazy\" decoding=\"async\" class=\"no-lazyload \" src=\"https:\/\/qr.reklamsart.com\/wp-content\/uploads\/2024\/03\/img-sv-2-1-600x400.webp\" width=\"600\" height=\"400\" alt=\"img-sv-2\" title=\"img-sv-2\" \/>    \n                            <\/a>\n                        <\/div>\n                                        <div class=\"pxl-item-body\">\n                                                                            <div class=\"pxl-item--icon\">\n                                <a href=\"https:\/\/qr.reklamsart.com\/en\/service\/jenerator-ups-sistemleri\/\">\n                                    <i class=\"flaticon flaticon-icon-40\"><\/i>\n                                <\/a>\n                            <\/div>\n                                                                            <div class=\"item--category\">\n                                <a href=\"https:\/\/qr.reklamsart.com\/en\/service-category\/qr-port-digital\/\" rel=\"tag\">QR Port Digital<\/a>                            <\/div>\n                                                <h3 class=\"pxl-item--title\">\n                            <a href=\"https:\/\/qr.reklamsart.com\/en\/service\/jenerator-ups-sistemleri\/\">\n                                Jenerat\u00f6r &#038; UPS Sistemleri                            <\/a>\n                        <\/h3>\n                                                    <div class=\"pxl-item--content\">\n                                Enerji kesintilerine kar\u015f\u0131 kesintisiz g\u00fc\u00e7 \u00e7\u00f6z\u00fcmleri sunarak i\u015fletmenizin s\u00fcreklili\u011fini garanti&hellip;                            <\/div>\n                                                                            <a class=\"btn-showmore\" href=\"https:\/\/qr.reklamsart.com\/en\/service\/jenerator-ups-sistemleri\/\">\n                                <i class=\"bravisicon bravisicon-long-arrow-right-three\"><\/i>\n                                <span>\n                                    Read More                                <\/span>\n                            <\/a>\n                                            <\/div>\n                <\/div>\n            <\/div>\n                <div class=\"grid-sizer col-xl-3 col-lg-4 col-md-6 col-sm-6 col-12\"><\/div>\n    <\/div>\n            <div class=\"pxl-grid-pagination\" data-loadmore=\"{&quot;post_type&quot;:&quot;service&quot;,&quot;layout&quot;:&quot;service-2&quot;,&quot;startPage&quot;:1,&quot;maxPages&quot;:1,&quot;total&quot;:4,&quot;perpage&quot;:8,&quot;nextLink&quot;:&quot;&quot;,&quot;source&quot;:[&quot;qr-port-digital|service-category&quot;],&quot;orderby&quot;:&quot;date&quot;,&quot;order&quot;:&quot;desc&quot;,&quot;limit&quot;:8,&quot;post_ids&quot;:[],&quot;col_xl&quot;:3,&quot;col_lg&quot;:4,&quot;col_md&quot;:6,&quot;col_sm&quot;:6,&quot;col_xs&quot;:12,&quot;pagination_type&quot;:&quot;pagination&quot;,&quot;show_excerpt&quot;:&quot;true&quot;,&quot;show_category&quot;:&quot;true&quot;,&quot;num_words&quot;:10,&quot;show_button&quot;:&quot;true&quot;,&quot;button_text&quot;:&quot;&quot;,&quot;img_size&quot;:&quot;600x400&quot;,&quot;grid_masonry&quot;:&quot;&quot;,&quot;pxl_animate&quot;:&quot;wow fadeInUp&quot;,&quot;html_id&quot;:&quot;pxl_post_grid-3287a39-1390&quot;,&quot;tax&quot;:[&quot;service-category&quot;]}\" data-query=\"{&quot;post_type&quot;:&quot;service&quot;,&quot;post_status&quot;:&quot;publish&quot;,&quot;posts_per_page&quot;:8,&quot;order&quot;:&quot;desc&quot;,&quot;orderby&quot;:&quot;date&quot;,&quot;tax_query&quot;:{&quot;relation&quot;:&quot;OR&quot;,&quot;0&quot;:{&quot;taxonomy&quot;:&quot;service-category&quot;,&quot;field&quot;:&quot;slug&quot;,&quot;operator&quot;:&quot;IN&quot;,&quot;terms&quot;:[&quot;qr-port-digital&quot;]}},&quot;post__not_in&quot;:[29]}\">\n                    <\/div>\n        <\/div>\t\t\t\t<\/div>\n\t\t\t\t<\/div>\n\t\t            <\/div>\r\n        <\/div>\r\n        \t\t\t<\/div>\n\t\t<\/section>\n\t\t        <section class=\"elementor-section elementor-top-section elementor-element elementor-element-6fc5ece elementor-section-boxed elementor-section-height-default elementor-section-height-default pxl-type-header-none pxl-row-scroll-none\" data-id=\"6fc5ece\" data-element_type=\"section\" data-e-type=\"section\" data-settings=\"{&quot;background_background&quot;:&quot;classic&quot;}\">\n\n                \n                <div class=\"elementor-container elementor-column-gap-extended \">\n                <div class=\"elementor-column elementor-col-100 elementor-top-column elementor-element elementor-element-13c82af pxl-column-element-default pxl-column-none pxl-column-overflow-hidden-no\" data-id=\"13c82af\" data-element_type=\"column\" data-e-type=\"column\">\r\n        <div class=\"elementor-widget-wrap elementor-element-populated\">\r\n                     \r\n        \t\t<div class=\"elementor-element elementor-element-2ed4329 elementor-widget elementor-widget-pxl_heading\" data-id=\"2ed4329\" data-element_type=\"widget\" data-e-type=\"widget\" data-widget_type=\"pxl_heading.default\">\n\t\t\t\t<div class=\"elementor-widget-container\">\n\t\t\t\t\t<div class=\"pxl-heading\">\n\t<div class=\"pxl-heading--inner\">\n\t\t\t\t<h3 class=\"pxl-item--title \" data-wow-delay=\"ms\">\n\t\t\tG\u00fc\u00e7l\u00fc altyap\u0131lar, g\u00fcvenilir \u00e7\u00f6z\u00fcmler. \n<br>\u00a9 QR Port Digital Technology\t\t\n\t\t<\/h3>\n\t\t\t<\/div>\n<\/div>\t\t\t\t<\/div>\n\t\t\t\t<\/div>\n\t\t            <\/div>\r\n        <\/div>\r\n        \t\t\t<\/div>\n\t\t<\/section>\n\t\t\t\t<\/div>\n\t\t","protected":false},"excerpt":{"rendered":"<p>QR Port Digital Tesis Kurulumu End\u00fcstriyel ve ticari tesisler i\u00e7in anahtar teslim elektrik altyap\u0131 \u00e7\u00f6z\u00fcmleri&hellip; Read More QR Port Digital Elektrik Taahh\u00fct Konut, i\u015f yeri ve sanayi projelerinde elektrik taahh\u00fct hizmetleri ile&hellip; Read More QR Port Digital Topraklama ve Paratoner Can ve mal g\u00fcvenli\u011fi i\u00e7in kritik \u00f6neme sahip topraklama ve&hellip; Read More QR Port Digital [&hellip;]<\/p>\n","protected":false},"author":1,"featured_media":0,"parent":0,"menu_order":0,"comment_status":"closed","ping_status":"closed","template":"","meta":{"footnotes":""},"class_list":["post-29","page","type-page","status-publish","hentry"],"_links":{"self":[{"href":"https:\/\/qr.reklamsart.com\/en\/wp-json\/wp\/v2\/pages\/29","targetHints":{"allow":["GET"]}}],"collection":[{"href":"https:\/\/qr.reklamsart.com\/en\/wp-json\/wp\/v2\/pages"}],"about":[{"href":"https:\/\/qr.reklamsart.com\/en\/wp-json\/wp\/v2\/types\/page"}],"author":[{"embeddable":true,"href":"https:\/\/qr.reklamsart.com\/en\/wp-json\/wp\/v2\/users\/1"}],"replies":[{"embeddable":true,"href":"https:\/\/qr.reklamsart.com\/en\/wp-json\/wp\/v2\/comments?post=29"}],"version-history":[{"count":19,"href":"https:\/\/qr.reklamsart.com\/en\/wp-json\/wp\/v2\/pages\/29\/revisions"}],"predecessor-version":[{"id":18381,"href":"https:\/\/qr.reklamsart.com\/en\/wp-json\/wp\/v2\/pages\/29\/revisions\/18381"}],"wp:attachment":[{"href":"https:\/\/qr.reklamsart.com\/en\/wp-json\/wp\/v2\/media?parent=29"}],"curies":[{"name":"wp","href":"https:\/\/api.w.org\/{rel}","templated":true}]}}