{"id":33,"date":"2024-03-26T15:18:08","date_gmt":"2024-03-26T15:18:08","guid":{"rendered":"https:\/\/demo.bravisthemes.com\/fixera\/?page_id=33"},"modified":"2026-05-06T07:33:03","modified_gmt":"2026-05-06T07:33:03","slug":"blog-grid","status":"publish","type":"page","link":"https:\/\/qr.reklamsart.com\/en\/blog-grid\/","title":{"rendered":"Blog &#8211; Grid"},"content":{"rendered":"\t\t<div data-elementor-type=\"wp-page\" data-elementor-id=\"33\" class=\"elementor elementor-33\">\n\t\t\t\t        <section class=\"elementor-section elementor-top-section elementor-element elementor-element-2e1949a elementor-section-boxed elementor-section-height-default elementor-section-height-default pxl-type-header-none pxl-row-scroll-none\" data-id=\"2e1949a\" data-element_type=\"section\" data-e-type=\"section\">\n\n                \n                <div class=\"elementor-container elementor-column-gap-extended \">\n                <div class=\"elementor-column elementor-col-100 elementor-top-column elementor-element elementor-element-dff1d94 pxl-column-element-default pxl-column-none pxl-column-overflow-hidden-no\" data-id=\"dff1d94\" data-element_type=\"column\" data-e-type=\"column\">\r\n        <div class=\"elementor-widget-wrap elementor-element-populated\">\r\n                     \r\n        \t\t<div class=\"elementor-element elementor-element-e723d5a pxl-post-layout-post-1 elementor-widget elementor-widget-pxl_post_grid\" data-id=\"e723d5a\" data-element_type=\"widget\" data-e-type=\"widget\" data-widget_type=\"pxl_post_grid.default\">\n\t\t\t\t<div class=\"elementor-widget-container\">\n\t\t\t\t\t<div id=\"pxl_post_grid-e723d5a-8057\" class=\"pxl-grid pxl-blog-grid pxl-blog-grid-layout1\" data-layout=\"masonry\" data-start-page=\"1\" data-max-pages=\"1\" data-total=\"3\" data-perpage=\"6\" data-next-link=\"\">\n    \n    <div class=\"pxl-grid-inner pxl-grid-masonry row\" data-gutter=\"15\">\n        <div class=\"grid-sizer col-xl-4 col-lg-4 col-md-4 col-sm-6 col-12\"><\/div>\n                    <div class=\"pxl-grid-item col-xl-4 col-lg-4 col-md-4 col-sm-6 col-12 qr-digital\">\n                <div class=\"pxl-item--inner \" data-wow-duration=\"1.2s\">\n                                            <div class=\"pxl-feature pxl-item--featured\">\n                            <a class=\"link-thumbnail\" href=\"https:\/\/qr.reklamsart.com\/en\/endustriyel-tesislerde-elektrik-altyapisinin-onemi\/\">\n                                <img fetchpriority=\"high\" decoding=\"async\" class=\"no-lazyload \" src=\"https:\/\/qr.reklamsart.com\/wp-content\/uploads\/2024\/05\/hvac-img-3-1-600x400.webp\" width=\"600\" height=\"400\" alt=\"hvac-img-3\" title=\"hvac-img-3\" \/>                            <\/a>\n                                                        \n                        <\/div>\n                                        <div class=\"pxl-item--holder\">\n                                                <h3 class=\"pxl-item--title\"><a href=\"https:\/\/qr.reklamsart.com\/en\/endustriyel-tesislerde-elektrik-altyapisinin-onemi\/\">End\u00fcstriyel Tesislerde Elektrik Altyap\u0131s\u0131n\u0131n \u00d6nemi<\/a><\/h3>\n                                                    <div class=\"pxl-item--content\">\n                                                            <\/div>\n                                                                            <a class=\"btn-showmore\" href=\"https:\/\/qr.reklamsart.com\/en\/endustriyel-tesislerde-elektrik-altyapisinin-onemi\/\">\n                                <span>Detaylar<\/span>\n                                <i class=\"bravisicon bravisicon-long-arrow-right-three\"><\/i>\n                            <\/a>\n                                            <\/div>\n                <\/div>\n            <\/div>\n                    <div class=\"pxl-grid-item col-xl-4 col-lg-4 col-md-4 col-sm-6 col-12 qr-digital\">\n                <div class=\"pxl-item--inner \" data-wow-duration=\"1.2s\">\n                                            <div class=\"pxl-feature pxl-item--featured\">\n                            <a class=\"link-thumbnail\" href=\"https:\/\/qr.reklamsart.com\/en\/jenerator-ve-ups-sistemleri-neden-hayati-onem-tasir\/\">\n                                <img decoding=\"async\" class=\"no-lazyload \" src=\"https:\/\/qr.reklamsart.com\/wp-content\/uploads\/2024\/05\/hvac-img-2-600x400.webp\" width=\"600\" height=\"400\" alt=\"hvac-img-2\" title=\"hvac-img-2\" \/>                            <\/a>\n                                                        \n                        <\/div>\n                                        <div class=\"pxl-item--holder\">\n                                                <h3 class=\"pxl-item--title\"><a href=\"https:\/\/qr.reklamsart.com\/en\/jenerator-ve-ups-sistemleri-neden-hayati-onem-tasir\/\">Jenerat\u00f6r ve UPS Sistemleri Neden Hayati \u00d6nem Ta\u015f\u0131r?<\/a><\/h3>\n                                                    <div class=\"pxl-item--content\">\n                                                            <\/div>\n                                                                            <a class=\"btn-showmore\" href=\"https:\/\/qr.reklamsart.com\/en\/jenerator-ve-ups-sistemleri-neden-hayati-onem-tasir\/\">\n                                <span>Detaylar<\/span>\n                                <i class=\"bravisicon bravisicon-long-arrow-right-three\"><\/i>\n                            <\/a>\n                                            <\/div>\n                <\/div>\n            <\/div>\n                    <div class=\"pxl-grid-item col-xl-4 col-lg-4 col-md-4 col-sm-6 col-12 qr-digital\">\n                <div class=\"pxl-item--inner \" data-wow-duration=\"1.2s\">\n                                            <div class=\"pxl-feature pxl-item--featured\">\n                            <a class=\"link-thumbnail\" href=\"https:\/\/qr.reklamsart.com\/en\/topraklama-ve-paratoner-sistemleri-neden-zorunludur\/\">\n                                <img decoding=\"async\" class=\"no-lazyload \" src=\"https:\/\/qr.reklamsart.com\/wp-content\/uploads\/2024\/05\/hvac-img-1-600x400.webp\" width=\"600\" height=\"400\" alt=\"hvac-img-1\" title=\"hvac-img-1\" \/>                            <\/a>\n                                                        \n                        <\/div>\n                                        <div class=\"pxl-item--holder\">\n                                                <h3 class=\"pxl-item--title\"><a href=\"https:\/\/qr.reklamsart.com\/en\/topraklama-ve-paratoner-sistemleri-neden-zorunludur\/\">Topraklama ve Paratoner Sistemleri Neden Zorunludur?<\/a><\/h3>\n                                                    <div class=\"pxl-item--content\">\n                                                            <\/div>\n                                                                            <a class=\"btn-showmore\" href=\"https:\/\/qr.reklamsart.com\/en\/topraklama-ve-paratoner-sistemleri-neden-zorunludur\/\">\n                                <span>Detaylar<\/span>\n                                <i class=\"bravisicon bravisicon-long-arrow-right-three\"><\/i>\n                            <\/a>\n                                            <\/div>\n                <\/div>\n            <\/div>\n            <\/div>\n            <div class=\"pxl-grid-pagination\" data-loadmore=\"{&quot;post_type&quot;:&quot;post&quot;,&quot;layout&quot;:&quot;post-1&quot;,&quot;layout_mode&quot;:&quot;masonry&quot;,&quot;startPage&quot;:1,&quot;maxPages&quot;:1,&quot;total&quot;:3,&quot;perpage&quot;:&quot;6&quot;,&quot;nextLink&quot;:&quot;&quot;,&quot;source&quot;:&quot;&quot;,&quot;orderby&quot;:&quot;date&quot;,&quot;order&quot;:&quot;desc&quot;,&quot;limit&quot;:&quot;6&quot;,&quot;post_ids&quot;:[],&quot;col_xl&quot;:4,&quot;col_lg&quot;:4,&quot;col_md&quot;:4,&quot;col_sm&quot;:6,&quot;col_xs&quot;:12,&quot;pagination_type&quot;:&quot;pagination&quot;,&quot;show_author&quot;:&quot;&quot;,&quot;show_date&quot;:&quot;&quot;,&quot;num_words&quot;:12,&quot;show_excerpt&quot;:&quot;true&quot;,&quot;show_button&quot;:&quot;true&quot;,&quot;button_text&quot;:&quot;Detaylar&quot;,&quot;img_size&quot;:&quot;600x400&quot;,&quot;grid_masonry&quot;:&quot;&quot;,&quot;pxl_animate&quot;:&quot;&quot;,&quot;tax&quot;:[&quot;category&quot;]}\" data-query=\"{&quot;post_type&quot;:&quot;post&quot;,&quot;post_status&quot;:&quot;publish&quot;,&quot;posts_per_page&quot;:6,&quot;order&quot;:&quot;desc&quot;,&quot;orderby&quot;:&quot;date&quot;,&quot;tax_query&quot;:{&quot;relation&quot;:&quot;OR&quot;},&quot;post__not_in&quot;:[33]}\">\n                    <\/div>\n        <\/div>\t\t\t\t<\/div>\n\t\t\t\t<\/div>\n\t\t            <\/div>\r\n        <\/div>\r\n        \t\t\t<\/div>\n\t\t<\/section>\n\t\t\t\t<\/div>\n\t\t","protected":false},"excerpt":{"rendered":"<p>End\u00fcstriyel Tesislerde Elektrik Altyap\u0131s\u0131n\u0131n \u00d6nemi Detaylar Jenerat\u00f6r ve UPS Sistemleri Neden Hayati \u00d6nem Ta\u015f\u0131r? Detaylar Topraklama ve Paratoner Sistemleri Neden Zorunludur? Detaylar<\/p>","protected":false},"author":1,"featured_media":0,"parent":0,"menu_order":0,"comment_status":"closed","ping_status":"closed","template":"","meta":{"footnotes":""},"class_list":["post-33","page","type-page","status-publish","hentry"],"_links":{"self":[{"href":"https:\/\/qr.reklamsart.com\/en\/wp-json\/wp\/v2\/pages\/33","targetHints":{"allow":["GET"]}}],"collection":[{"href":"https:\/\/qr.reklamsart.com\/en\/wp-json\/wp\/v2\/pages"}],"about":[{"href":"https:\/\/qr.reklamsart.com\/en\/wp-json\/wp\/v2\/types\/page"}],"author":[{"embeddable":true,"href":"https:\/\/qr.reklamsart.com\/en\/wp-json\/wp\/v2\/users\/1"}],"replies":[{"embeddable":true,"href":"https:\/\/qr.reklamsart.com\/en\/wp-json\/wp\/v2\/comments?post=33"}],"version-history":[{"count":3,"href":"https:\/\/qr.reklamsart.com\/en\/wp-json\/wp\/v2\/pages\/33\/revisions"}],"predecessor-version":[{"id":18413,"href":"https:\/\/qr.reklamsart.com\/en\/wp-json\/wp\/v2\/pages\/33\/revisions\/18413"}],"wp:attachment":[{"href":"https:\/\/qr.reklamsart.com\/en\/wp-json\/wp\/v2\/media?parent=33"}],"curies":[{"name":"wp","href":"https:\/\/api.w.org\/{rel}","templated":true}]}}