{"id":39,"date":"2024-03-26T15:24:36","date_gmt":"2024-03-26T15:24:36","guid":{"rendered":"https:\/\/demo.bravisthemes.com\/fixera\/?page_id=39"},"modified":"2026-05-06T07:14:05","modified_gmt":"2026-05-06T07:14:05","slug":"projeler","status":"publish","type":"page","link":"https:\/\/qr.reklamsart.com\/en\/projeler\/","title":{"rendered":"Projeler"},"content":{"rendered":"\t\t<div data-elementor-type=\"wp-page\" data-elementor-id=\"39\" class=\"elementor elementor-39\">\n\t\t\t\t        <section class=\"elementor-section elementor-top-section elementor-element elementor-element-1cf9923 elementor-section-boxed elementor-section-height-default elementor-section-height-default pxl-type-header-none pxl-row-scroll-none\" data-id=\"1cf9923\" data-element_type=\"section\" data-e-type=\"section\">\n\n                \n                <div class=\"elementor-container elementor-column-gap-extended \">\n                <div class=\"elementor-column elementor-col-100 elementor-top-column elementor-element elementor-element-5d0ef36 pxl-column-element-default pxl-column-none pxl-column-overflow-hidden-no\" data-id=\"5d0ef36\" data-element_type=\"column\" data-e-type=\"column\">\r\n        <div class=\"elementor-widget-wrap elementor-element-populated\">\r\n                     \r\n        \t\t<div class=\"elementor-element elementor-element-a4783df elementor-widget elementor-widget-pxl_heading\" data-id=\"a4783df\" data-element_type=\"widget\" data-e-type=\"widget\" data-widget_type=\"pxl_heading.default\">\n\t\t\t\t<div class=\"elementor-widget-container\">\n\t\t\t\t\t<div class=\"pxl-heading\">\n\t<div class=\"pxl-heading--inner\">\n\t\t\t\t<h3 class=\"pxl-item--title \" data-wow-delay=\"ms\">\n\t\t\tProjelerimiz\t\t\n\t\t<\/h3>\n\t\t\t<\/div>\n<\/div>\t\t\t\t<\/div>\n\t\t\t\t<\/div>\n\t\t\t\t<div class=\"elementor-element elementor-element-bb676be elementor-widget elementor-widget-pxl_text_editor\" data-id=\"bb676be\" data-element_type=\"widget\" data-e-type=\"widget\" data-widget_type=\"pxl_text_editor.default\">\n\t\t\t\t<div class=\"elementor-widget-container\">\n\t\t\t\t\t<div class=\"pxl-text-editor \">\n\t<div class=\"pxl-item--inner \" data-wow-delay=\"ms\">\n\t\t<p data-start=\"112\" data-end=\"387\">QR Port Digital Technology olarak, farkl\u0131 sekt\u00f6rlerde ger\u00e7ekle\u015ftirdi\u011fimiz projelerle m\u00fchendislik g\u00fcc\u00fcm\u00fcz\u00fc ve sahadaki tecr\u00fcbemizi ortaya koyuyoruz. Her projede kalite, g\u00fcvenlik ve s\u00fcrd\u00fcr\u00fclebilirli\u011fi \u00f6n planda tutarak m\u00fc\u015fterilerimize uzun \u00f6m\u00fcrl\u00fc ve verimli \u00e7\u00f6z\u00fcmler sunuyoruz.<\/p>\t<\/div>\n<\/div>\t\t\t\t<\/div>\n\t\t\t\t<\/div>\n\t\t\t\t<div class=\"elementor-element elementor-element-dc0d52f pxl-post-layout-case-1 elementor-widget elementor-widget-pxl_post_grid\" data-id=\"dc0d52f\" data-element_type=\"widget\" data-e-type=\"widget\" data-widget_type=\"pxl_post_grid.default\">\n\t\t\t\t<div class=\"elementor-widget-container\">\n\t\t\t\t\t\n<div id=\"pxl_post_grid-dc0d52f-3971\" class=\"pxl-grid pxl-case-grid pxl-case-grid1\" data-layout=\"masonry\" data-start-page=\"1\" data-max-pages=\"1\" data-total=\"5\" data-perpage=\"8\" data-next-link=\"\">\n            <div class=\"container-custom\">\n            <div class=\"pxl-grid-filter pxl-grid-filter1\">\n                <div class=\"pxl--filter-inner\">\n                    <span class=\"filter-item active\" data-filter=\"*\">T\u00fcm\u00fc<\/span>\n                                                                                                                    <span class=\"filter-item\" data-filter=\".qr-port-digital\">\n                            QR PORT D\u0130G\u0130TAL                        <\/span>\n                                    <\/div>\n            <\/div>\n        <\/div>\n        <div class=\"pxl-grid-inner pxl-grid-masonry row\" data-gutter=\"15\">\n                    <div class=\"pxl-grid-item col-xl-3 col-lg-4 col-md-4 col-sm-6 col-12 qr-port-digital\">\n                <div class=\"pxl-item--inner \" data-wow-duration=\"1.2s\">\n                                            <div class=\"item--featured\">\n                            <img fetchpriority=\"high\" decoding=\"async\" class=\"no-lazyload \" src=\"https:\/\/qr.reklamsart.com\/wp-content\/uploads\/2024\/04\/image-case-8-500x600.jpg\" width=\"500\" height=\"600\" alt=\"image-case-8\" title=\"image-case-8\" \/>                        <\/div>\n                        <div class=\"item--meta bg-default\">\n                            <svg width=\"287\" height=\"102\" viewBox=\"0 0 287 102\" fill=\"none\" xmlns=\"http:\/\/www.w3.org\/2000\/svg\">\n                            <path d=\"M286.034 101.651L-5.82868 40.6905L-7 0.35495L286.034 101.651Z\"\/>\n                            <\/svg>\n                            <a class=\"btn-link\" href=\"https:\/\/qr.reklamsart.com\/en\/case\/endustriyel-tesis-elektrik-altyapisi\/\">\n                                <svg width=\"16\" height=\"16\" viewBox=\"0 0 16 16\" fill=\"none\" xmlns=\"http:\/\/www.w3.org\/2000\/svg\">\n                                <path d=\"M1.73491 2.06407C1.73513 1.696 1.88145 1.34306 2.14172 1.08279C2.40199 0.822526 2.75493 0.676207 3.123 0.675978L14.254 0.675979C14.622 0.676208 14.975 0.822527 15.2352 1.0828C15.4955 1.34306 15.6418 1.696 15.642 2.06407L15.642 13.195C15.6291 13.5547 15.4773 13.8954 15.2184 14.1455C14.9596 14.3955 14.6139 14.5355 14.2539 14.536C13.894 14.5355 13.5483 14.3955 13.2895 14.1455C13.0306 13.8954 12.8788 13.5547 12.8659 13.195L12.8659 5.41645L3.123 15.1593C2.86252 15.4198 2.50923 15.5661 2.14086 15.5661C1.77248 15.5661 1.41919 15.4198 1.15871 15.1593C0.898234 14.8988 0.751898 14.5455 0.751898 14.1772C0.751897 13.8088 0.898233 13.4555 1.15871 13.195L10.9016 3.45217L3.123 3.45217C2.75492 3.45194 2.40199 3.30562 2.14172 3.04535C1.88145 2.78508 1.73513 2.43215 1.73491 2.06407Z\"\/>\n                                <\/svg>\n                            <\/a>\n                            <h3 class=\"pxl-item--title\">\n                                <a href=\"https:\/\/qr.reklamsart.com\/en\/case\/endustriyel-tesis-elektrik-altyapisi\/\">\n                                    End\u00fcstriyel Tesis Elektrik Altyap\u0131s\u0131                                <\/a>\n                            <\/h3>\n                        <\/div>\n                                    <\/div>\n            <\/div>\n                    <div class=\"pxl-grid-item col-xl-3 col-lg-4 col-md-4 col-sm-6 col-12 qr-port-digital\">\n                <div class=\"pxl-item--inner \" data-wow-duration=\"1.2s\">\n                                            <div class=\"item--featured\">\n                            <img decoding=\"async\" class=\"no-lazyload \" src=\"https:\/\/qr.reklamsart.com\/wp-content\/uploads\/2024\/04\/image-case-7-500x600.jpg\" width=\"500\" height=\"600\" alt=\"image-case-7\" title=\"image-case-7\" \/>                        <\/div>\n                        <div class=\"item--meta bg-default\">\n                            <svg width=\"287\" height=\"102\" viewBox=\"0 0 287 102\" fill=\"none\" xmlns=\"http:\/\/www.w3.org\/2000\/svg\">\n                            <path d=\"M286.034 101.651L-5.82868 40.6905L-7 0.35495L286.034 101.651Z\"\/>\n                            <\/svg>\n                            <a class=\"btn-link\" href=\"https:\/\/qr.reklamsart.com\/en\/case\/ofis-ve-is-merkezi-elektrik-sistemleri\/\">\n                                <svg width=\"16\" height=\"16\" viewBox=\"0 0 16 16\" fill=\"none\" xmlns=\"http:\/\/www.w3.org\/2000\/svg\">\n                                <path d=\"M1.73491 2.06407C1.73513 1.696 1.88145 1.34306 2.14172 1.08279C2.40199 0.822526 2.75493 0.676207 3.123 0.675978L14.254 0.675979C14.622 0.676208 14.975 0.822527 15.2352 1.0828C15.4955 1.34306 15.6418 1.696 15.642 2.06407L15.642 13.195C15.6291 13.5547 15.4773 13.8954 15.2184 14.1455C14.9596 14.3955 14.6139 14.5355 14.2539 14.536C13.894 14.5355 13.5483 14.3955 13.2895 14.1455C13.0306 13.8954 12.8788 13.5547 12.8659 13.195L12.8659 5.41645L3.123 15.1593C2.86252 15.4198 2.50923 15.5661 2.14086 15.5661C1.77248 15.5661 1.41919 15.4198 1.15871 15.1593C0.898234 14.8988 0.751898 14.5455 0.751898 14.1772C0.751897 13.8088 0.898233 13.4555 1.15871 13.195L10.9016 3.45217L3.123 3.45217C2.75492 3.45194 2.40199 3.30562 2.14172 3.04535C1.88145 2.78508 1.73513 2.43215 1.73491 2.06407Z\"\/>\n                                <\/svg>\n                            <\/a>\n                            <h3 class=\"pxl-item--title\">\n                                <a href=\"https:\/\/qr.reklamsart.com\/en\/case\/ofis-ve-is-merkezi-elektrik-sistemleri\/\">\n                                    Ofis ve \u0130\u015f Merkezi Elektrik Sistemleri                                <\/a>\n                            <\/h3>\n                        <\/div>\n                                    <\/div>\n            <\/div>\n                    <div class=\"pxl-grid-item col-xl-3 col-lg-4 col-md-4 col-sm-6 col-12 qr-port-digital\">\n                <div class=\"pxl-item--inner \" data-wow-duration=\"1.2s\">\n                                            <div class=\"item--featured\">\n                            <img decoding=\"async\" class=\"no-lazyload \" src=\"https:\/\/qr.reklamsart.com\/wp-content\/uploads\/2024\/05\/image-roofer-2-500x600.webp\" width=\"500\" height=\"600\" alt=\"image-roofer-2\" title=\"image-roofer-2\" \/>                        <\/div>\n                        <div class=\"item--meta bg-default\">\n                            <svg width=\"287\" height=\"102\" viewBox=\"0 0 287 102\" fill=\"none\" xmlns=\"http:\/\/www.w3.org\/2000\/svg\">\n                            <path d=\"M286.034 101.651L-5.82868 40.6905L-7 0.35495L286.034 101.651Z\"\/>\n                            <\/svg>\n                            <a class=\"btn-link\" href=\"https:\/\/qr.reklamsart.com\/en\/case\/topraklama-ve-paratoner-uygulamalari\/\">\n                                <svg width=\"16\" height=\"16\" viewBox=\"0 0 16 16\" fill=\"none\" xmlns=\"http:\/\/www.w3.org\/2000\/svg\">\n                                <path d=\"M1.73491 2.06407C1.73513 1.696 1.88145 1.34306 2.14172 1.08279C2.40199 0.822526 2.75493 0.676207 3.123 0.675978L14.254 0.675979C14.622 0.676208 14.975 0.822527 15.2352 1.0828C15.4955 1.34306 15.6418 1.696 15.642 2.06407L15.642 13.195C15.6291 13.5547 15.4773 13.8954 15.2184 14.1455C14.9596 14.3955 14.6139 14.5355 14.2539 14.536C13.894 14.5355 13.5483 14.3955 13.2895 14.1455C13.0306 13.8954 12.8788 13.5547 12.8659 13.195L12.8659 5.41645L3.123 15.1593C2.86252 15.4198 2.50923 15.5661 2.14086 15.5661C1.77248 15.5661 1.41919 15.4198 1.15871 15.1593C0.898234 14.8988 0.751898 14.5455 0.751898 14.1772C0.751897 13.8088 0.898233 13.4555 1.15871 13.195L10.9016 3.45217L3.123 3.45217C2.75492 3.45194 2.40199 3.30562 2.14172 3.04535C1.88145 2.78508 1.73513 2.43215 1.73491 2.06407Z\"\/>\n                                <\/svg>\n                            <\/a>\n                            <h3 class=\"pxl-item--title\">\n                                <a href=\"https:\/\/qr.reklamsart.com\/en\/case\/topraklama-ve-paratoner-uygulamalari\/\">\n                                    Topraklama ve Paratoner Uygulamalar\u0131                                <\/a>\n                            <\/h3>\n                        <\/div>\n                                    <\/div>\n            <\/div>\n                    <div class=\"pxl-grid-item col-xl-3 col-lg-4 col-md-4 col-sm-6 col-12 qr-port-digital\">\n                <div class=\"pxl-item--inner \" data-wow-duration=\"1.2s\">\n                                            <div class=\"item--featured\">\n                            <img loading=\"lazy\" decoding=\"async\" class=\"no-lazyload \" src=\"https:\/\/qr.reklamsart.com\/wp-content\/uploads\/2024\/04\/image-case-5-500x600.jpg\" width=\"500\" height=\"600\" alt=\"image-case-5\" title=\"image-case-5\" \/>                        <\/div>\n                        <div class=\"item--meta bg-default\">\n                            <svg width=\"287\" height=\"102\" viewBox=\"0 0 287 102\" fill=\"none\" xmlns=\"http:\/\/www.w3.org\/2000\/svg\">\n                            <path d=\"M286.034 101.651L-5.82868 40.6905L-7 0.35495L286.034 101.651Z\"\/>\n                            <\/svg>\n                            <a class=\"btn-link\" href=\"https:\/\/qr.reklamsart.com\/en\/case\/jenerator-ups-kurulumlari\/\">\n                                <svg width=\"16\" height=\"16\" viewBox=\"0 0 16 16\" fill=\"none\" xmlns=\"http:\/\/www.w3.org\/2000\/svg\">\n                                <path d=\"M1.73491 2.06407C1.73513 1.696 1.88145 1.34306 2.14172 1.08279C2.40199 0.822526 2.75493 0.676207 3.123 0.675978L14.254 0.675979C14.622 0.676208 14.975 0.822527 15.2352 1.0828C15.4955 1.34306 15.6418 1.696 15.642 2.06407L15.642 13.195C15.6291 13.5547 15.4773 13.8954 15.2184 14.1455C14.9596 14.3955 14.6139 14.5355 14.2539 14.536C13.894 14.5355 13.5483 14.3955 13.2895 14.1455C13.0306 13.8954 12.8788 13.5547 12.8659 13.195L12.8659 5.41645L3.123 15.1593C2.86252 15.4198 2.50923 15.5661 2.14086 15.5661C1.77248 15.5661 1.41919 15.4198 1.15871 15.1593C0.898234 14.8988 0.751898 14.5455 0.751898 14.1772C0.751897 13.8088 0.898233 13.4555 1.15871 13.195L10.9016 3.45217L3.123 3.45217C2.75492 3.45194 2.40199 3.30562 2.14172 3.04535C1.88145 2.78508 1.73513 2.43215 1.73491 2.06407Z\"\/>\n                                <\/svg>\n                            <\/a>\n                            <h3 class=\"pxl-item--title\">\n                                <a href=\"https:\/\/qr.reklamsart.com\/en\/case\/jenerator-ups-kurulumlari\/\">\n                                    Jenerat\u00f6r &#038; UPS Kurulumlar\u0131                                <\/a>\n                            <\/h3>\n                        <\/div>\n                                    <\/div>\n            <\/div>\n                    <div class=\"pxl-grid-item col-xl-3 col-lg-4 col-md-4 col-sm-6 col-12 qr-port-digital\">\n                <div class=\"pxl-item--inner \" data-wow-duration=\"1.2s\">\n                                            <div class=\"item--featured\">\n                            <img loading=\"lazy\" decoding=\"async\" class=\"no-lazyload \" src=\"https:\/\/qr.reklamsart.com\/wp-content\/uploads\/2024\/04\/image-case-4-500x600.jpg\" width=\"500\" height=\"600\" alt=\"image-case-4\" title=\"image-case-4\" \/>                        <\/div>\n                        <div class=\"item--meta bg-default\">\n                            <svg width=\"287\" height=\"102\" viewBox=\"0 0 287 102\" fill=\"none\" xmlns=\"http:\/\/www.w3.org\/2000\/svg\">\n                            <path d=\"M286.034 101.651L-5.82868 40.6905L-7 0.35495L286.034 101.651Z\"\/>\n                            <\/svg>\n                            <a class=\"btn-link\" href=\"https:\/\/qr.reklamsart.com\/en\/case\/toptan-malzeme-tedarik-projeleri\/\">\n                                <svg width=\"16\" height=\"16\" viewBox=\"0 0 16 16\" fill=\"none\" xmlns=\"http:\/\/www.w3.org\/2000\/svg\">\n                                <path d=\"M1.73491 2.06407C1.73513 1.696 1.88145 1.34306 2.14172 1.08279C2.40199 0.822526 2.75493 0.676207 3.123 0.675978L14.254 0.675979C14.622 0.676208 14.975 0.822527 15.2352 1.0828C15.4955 1.34306 15.6418 1.696 15.642 2.06407L15.642 13.195C15.6291 13.5547 15.4773 13.8954 15.2184 14.1455C14.9596 14.3955 14.6139 14.5355 14.2539 14.536C13.894 14.5355 13.5483 14.3955 13.2895 14.1455C13.0306 13.8954 12.8788 13.5547 12.8659 13.195L12.8659 5.41645L3.123 15.1593C2.86252 15.4198 2.50923 15.5661 2.14086 15.5661C1.77248 15.5661 1.41919 15.4198 1.15871 15.1593C0.898234 14.8988 0.751898 14.5455 0.751898 14.1772C0.751897 13.8088 0.898233 13.4555 1.15871 13.195L10.9016 3.45217L3.123 3.45217C2.75492 3.45194 2.40199 3.30562 2.14172 3.04535C1.88145 2.78508 1.73513 2.43215 1.73491 2.06407Z\"\/>\n                                <\/svg>\n                            <\/a>\n                            <h3 class=\"pxl-item--title\">\n                                <a href=\"https:\/\/qr.reklamsart.com\/en\/case\/toptan-malzeme-tedarik-projeleri\/\">\n                                    Toptan Malzeme Tedarik Projeleri                                <\/a>\n                            <\/h3>\n                        <\/div>\n                                    <\/div>\n            <\/div>\n                <div class=\"grid-sizer col-xl-3 col-lg-4 col-md-4 col-sm-6 col-12\"><\/div>\n    <\/div>\n            <div class=\"pxl-grid-pagination\" data-loadmore=\"{&quot;post_type&quot;:&quot;case&quot;,&quot;layout&quot;:&quot;case-1&quot;,&quot;layout_mode&quot;:&quot;masonry&quot;,&quot;startPage&quot;:1,&quot;maxPages&quot;:1,&quot;total&quot;:5,&quot;perpage&quot;:8,&quot;nextLink&quot;:&quot;&quot;,&quot;source&quot;:[&quot;qr-port-digital|case-category&quot;],&quot;orderby&quot;:&quot;date&quot;,&quot;order&quot;:&quot;desc&quot;,&quot;limit&quot;:8,&quot;post_ids&quot;:[],&quot;col_xl&quot;:3,&quot;col_lg&quot;:4,&quot;col_md&quot;:4,&quot;col_sm&quot;:6,&quot;col_xs&quot;:12,&quot;pagination_type&quot;:&quot;pagination&quot;,&quot;show_category&quot;:&quot;true&quot;,&quot;bg_meta_style&quot;:&quot;bg-default&quot;,&quot;img_size&quot;:&quot;500x600&quot;,&quot;grid_masonry&quot;:&quot;&quot;,&quot;pxl_animate&quot;:&quot;&quot;,&quot;tax&quot;:[&quot;case-category&quot;,&quot;case-category&quot;]}\" data-query=\"{&quot;post_type&quot;:&quot;case&quot;,&quot;post_status&quot;:&quot;publish&quot;,&quot;posts_per_page&quot;:8,&quot;order&quot;:&quot;desc&quot;,&quot;orderby&quot;:&quot;date&quot;,&quot;tax_query&quot;:{&quot;relation&quot;:&quot;OR&quot;,&quot;0&quot;:{&quot;taxonomy&quot;:&quot;case-category&quot;,&quot;field&quot;:&quot;slug&quot;,&quot;operator&quot;:&quot;IN&quot;,&quot;terms&quot;:[&quot;qr-port-digital&quot;]}},&quot;post__not_in&quot;:[39]}\">\n                    <\/div>\n        <\/div>\t\t\t\t<\/div>\n\t\t\t\t<\/div>\n\t\t            <\/div>\r\n        <\/div>\r\n        \t\t\t<\/div>\n\t\t<\/section>\n\t\t\t\t<\/div>\n\t\t","protected":false},"excerpt":{"rendered":"<p>Projelerimiz QR Port Digital Technology olarak, farkl\u0131 sekt\u00f6rlerde ger\u00e7ekle\u015ftirdi\u011fimiz projelerle m\u00fchendislik g\u00fcc\u00fcm\u00fcz\u00fc ve sahadaki tecr\u00fcbemizi ortaya koyuyoruz. Her projede kalite, g\u00fcvenlik ve s\u00fcrd\u00fcr\u00fclebilirli\u011fi \u00f6n planda tutarak m\u00fc\u015fterilerimize uzun \u00f6m\u00fcrl\u00fc ve verimli \u00e7\u00f6z\u00fcmler sunuyoruz. T\u00fcm\u00fc QR PORT D\u0130G\u0130TAL End\u00fcstriyel Tesis Elektrik Altyap\u0131s\u0131 Ofis ve \u0130\u015f Merkezi Elektrik Sistemleri Topraklama ve Paratoner Uygulamalar\u0131 Jenerat\u00f6r &#038; UPS Kurulumlar\u0131 [&hellip;]<\/p>\n","protected":false},"author":1,"featured_media":0,"parent":0,"menu_order":0,"comment_status":"closed","ping_status":"closed","template":"","meta":{"footnotes":""},"class_list":["post-39","page","type-page","status-publish","hentry"],"_links":{"self":[{"href":"https:\/\/qr.reklamsart.com\/en\/wp-json\/wp\/v2\/pages\/39","targetHints":{"allow":["GET"]}}],"collection":[{"href":"https:\/\/qr.reklamsart.com\/en\/wp-json\/wp\/v2\/pages"}],"about":[{"href":"https:\/\/qr.reklamsart.com\/en\/wp-json\/wp\/v2\/types\/page"}],"author":[{"embeddable":true,"href":"https:\/\/qr.reklamsart.com\/en\/wp-json\/wp\/v2\/users\/1"}],"replies":[{"embeddable":true,"href":"https:\/\/qr.reklamsart.com\/en\/wp-json\/wp\/v2\/comments?post=39"}],"version-history":[{"count":7,"href":"https:\/\/qr.reklamsart.com\/en\/wp-json\/wp\/v2\/pages\/39\/revisions"}],"predecessor-version":[{"id":18379,"href":"https:\/\/qr.reklamsart.com\/en\/wp-json\/wp\/v2\/pages\/39\/revisions\/18379"}],"wp:attachment":[{"href":"https:\/\/qr.reklamsart.com\/en\/wp-json\/wp\/v2\/media?parent=39"}],"curies":[{"name":"wp","href":"https:\/\/api.w.org\/{rel}","templated":true}]}}