{"id":41,"date":"2024-03-26T15:24:54","date_gmt":"2024-03-26T15:24:54","guid":{"rendered":"https:\/\/demo.bravisthemes.com\/fixera\/?page_id=41"},"modified":"2026-05-06T06:50:41","modified_gmt":"2026-05-06T06:50:41","slug":"iletisim","status":"publish","type":"page","link":"https:\/\/qr.reklamsart.com\/en\/iletisim\/","title":{"rendered":"\u0130leti\u015fim"},"content":{"rendered":"<div data-elementor-type=\"wp-page\" data-elementor-id=\"41\" class=\"elementor elementor-41\">\n\t\t\t\t        <section class=\"elementor-section elementor-top-section elementor-element elementor-element-797e029 elementor-section-boxed elementor-section-height-default elementor-section-height-default pxl-type-header-none pxl-row-scroll-none\" data-id=\"797e029\" data-element_type=\"section\" data-e-type=\"section\" data-settings=\"{&quot;background_background&quot;:&quot;classic&quot;}\">\n\n                \n                <div class=\"elementor-container elementor-column-gap-extended\">\n                <div class=\"elementor-column elementor-col-33 elementor-top-column elementor-element elementor-element-abb1a41 pxl-column-element-default pxl-column-none pxl-column-overflow-hidden-no\" data-id=\"abb1a41\" data-element_type=\"column\" data-e-type=\"column\">\r\n        <div class=\"elementor-widget-wrap elementor-element-populated\">\r\n                     \r\n        \t\t<div class=\"elementor-element elementor-element-277c8a2 elementor-widget elementor-widget-pxl_getintouch\" data-id=\"277c8a2\" data-element_type=\"widget\" data-e-type=\"widget\" data-widget_type=\"pxl_getintouch.default\">\n\t\t\t\t<div class=\"elementor-widget-container\">\n\t\t\t\t\t<div class=\"pxl-getintouch1\" data-wow-delay=\"ms\">\r\n            <div class=\"pxl-feature\">\r\n            <img fetchpriority=\"high\" decoding=\"async\" class=\"no-lazyload\" src=\"https:\/\/qr.reklamsart.com\/wp-content\/uploads\/2024\/03\/img-ct-1.jpg\" width=\"651\" height=\"435\" alt=\"img-ct-1\" title=\"img-ct-1\" \/>        <\/div>\r\n        <div class=\"pxl-box-content\">\r\n                            <div class=\"pxl-item--icon icon-right-from-Left\">\r\n                <a href=\"#\">                    <img decoding=\"async\" width=\"45\" height=\"41\" src=\"https:\/\/qr.reklamsart.com\/wp-content\/uploads\/2024\/03\/Group-email.png\" class=\"attachment-full\" alt=\"\" \/>                <\/a>            <\/div>\r\n                            <label class=\"pxl-title-box\">\r\n                E-Posta            <\/label>\r\n                            <ul class=\"list-info\">\r\n                                        <li class=\"item-info\">\r\n                            <a href=\"mailto:info.fixera@email.com\">                                                                    <span class=\"pxl-text\">qrdigital@email.com<\/span>\r\n                                                            <\/a>                        <\/li>\r\n                                        <li class=\"item-info\">\r\n                            <a href=\"mailto:info.fixera@email.com\">                                                                    <span class=\"pxl-text\">qrdigital@info.com<\/span>\r\n                                                            <\/a>                        <\/li>\r\n                            <\/ul>\r\n            <\/div>\r\n<\/div>\r\n\t\t\t\t<\/div>\n\t\t\t\t<\/div>\n\t\t            <\/div>\r\n        <\/div>\r\n                <div class=\"elementor-column elementor-col-33 elementor-top-column elementor-element elementor-element-61c8c5a pxl-column-element-default pxl-column-none pxl-column-overflow-hidden-no\" data-id=\"61c8c5a\" data-element_type=\"column\" data-e-type=\"column\">\r\n        <div class=\"elementor-widget-wrap elementor-element-populated\">\r\n                     \r\n        \t\t<div class=\"elementor-element elementor-element-8b5c5ef elementor-widget elementor-widget-pxl_getintouch\" data-id=\"8b5c5ef\" data-element_type=\"widget\" data-e-type=\"widget\" data-widget_type=\"pxl_getintouch.default\">\n\t\t\t\t<div class=\"elementor-widget-container\">\n\t\t\t\t\t<div class=\"pxl-getintouch1\" data-wow-delay=\"ms\">\r\n            <div class=\"pxl-feature\">\r\n            <img decoding=\"async\" class=\"no-lazyload\" src=\"https:\/\/qr.reklamsart.com\/wp-content\/uploads\/2024\/03\/img-ct-2.jpg\" width=\"566\" height=\"378\" alt=\"img-ct-2\" title=\"img-ct-2\" \/>        <\/div>\r\n        <div class=\"pxl-box-content\">\r\n                            <div class=\"pxl-item--icon icon-bounce-right\">\r\n                <a href=\"#\">                    <img loading=\"lazy\" decoding=\"async\" width=\"35\" height=\"41\" src=\"https:\/\/qr.reklamsart.com\/wp-content\/uploads\/2024\/03\/Group-phone.png\" class=\"attachment-full\" alt=\"\" \/>                <\/a>            <\/div>\r\n                            <label class=\"pxl-title-box\">\r\n                Telefon            <\/label>\r\n                            <ul class=\"list-info\">\r\n                                        <li class=\"item-info\">\r\n                            <a href=\"tel:98765432122811\">                                                                    <span class=\"pxl-text\">+90 554 321 228 11 <\/span>\r\n                                                            <\/a>                        <\/li>\r\n                                        <li class=\"item-info\">\r\n                            <a href=\"tel:98765432122811\">                                                                    <span class=\"pxl-text\">+90 554 321 228 11 <\/span>\r\n                                                            <\/a>                        <\/li>\r\n                            <\/ul>\r\n            <\/div>\r\n<\/div>\r\n\t\t\t\t<\/div>\n\t\t\t\t<\/div>\n\t\t            <\/div>\r\n        <\/div>\r\n                <div class=\"elementor-column elementor-col-33 elementor-top-column elementor-element elementor-element-9794f01 pxl-column-element-default pxl-column-none pxl-column-overflow-hidden-no\" data-id=\"9794f01\" data-element_type=\"column\" data-e-type=\"column\">\r\n        <div class=\"elementor-widget-wrap elementor-element-populated\">\r\n                     \r\n        \t\t<div class=\"elementor-element elementor-element-9104994 elementor-widget elementor-widget-pxl_getintouch\" data-id=\"9104994\" data-element_type=\"widget\" data-e-type=\"widget\" data-widget_type=\"pxl_getintouch.default\">\n\t\t\t\t<div class=\"elementor-widget-container\">\n\t\t\t\t\t<div class=\"pxl-getintouch1\" data-wow-delay=\"ms\">\r\n            <div class=\"pxl-feature\">\r\n            <img loading=\"lazy\" decoding=\"async\" class=\"no-lazyload\" src=\"https:\/\/qr.reklamsart.com\/wp-content\/uploads\/2024\/04\/banner-about-1-900x600.webp\" width=\"900\" height=\"600\" alt=\"banner-about-1\" title=\"banner-about-1\" \/>        <\/div>\r\n        <div class=\"pxl-box-content\">\r\n                            <div class=\"pxl-item--icon icon-Scale-Delay\">\r\n                <a href=\"https:\/\/maps.app.goo.gl\/8HRyNEbmq4uQzCBS8\">                    <img loading=\"lazy\" decoding=\"async\" width=\"41\" height=\"41\" src=\"https:\/\/qr.reklamsart.com\/wp-content\/uploads\/2024\/03\/Group-map.png\" class=\"attachment-full\" alt=\"\" \/>                <\/a>            <\/div>\r\n                            <label class=\"pxl-title-box\">\r\n                Konum            <\/label>\r\n                            <ul class=\"list-info\">\r\n                                        <li class=\"item-info\">\r\n                                                                                                <span class=\"pxl-text\">Fatih, Yakac\u0131k Cad. No:45\/A, 34885 <\/span>\r\n                                                                                    <\/li>\r\n                                        <li class=\"item-info\">\r\n                                                                                                <span class=\"pxl-text\">Sancaktepe\/\u0130stanbul<\/span>\r\n                                                                                    <\/li>\r\n                            <\/ul>\r\n            <\/div>\r\n<\/div>\r\n\t\t\t\t<\/div>\n\t\t\t\t<\/div>\n\t\t            <\/div>\r\n        <\/div>\r\n        \t\t\t<\/div>\n\t\t<\/section>\n\t\t        <section class=\"elementor-section elementor-top-section elementor-element elementor-element-9143f6d elementor-section-boxed elementor-section-height-default elementor-section-height-default pxl-type-header-none pxl-row-scroll-none\" data-id=\"9143f6d\" data-element_type=\"section\" data-e-type=\"section\" data-settings=\"{&quot;background_background&quot;:&quot;classic&quot;}\">\n\n                \n                <div class=\"elementor-container elementor-column-gap-extended\">\n                <div class=\"elementor-column elementor-col-100 elementor-top-column elementor-element elementor-element-ef4bcef pxl-column-element-default pxl-column-none pxl-column-overflow-hidden-no\" data-id=\"ef4bcef\" data-element_type=\"column\" data-e-type=\"column\">\r\n        <div class=\"elementor-widget-wrap elementor-element-populated\">\r\n                     \r\n        \t\t<div class=\"elementor-element elementor-element-5e96af5 elementor-widget elementor-widget-google_maps\" data-id=\"5e96af5\" data-element_type=\"widget\" data-e-type=\"widget\" data-widget_type=\"google_maps.default\">\n\t\t\t\t\t\t\t<div class=\"elementor-custom-embed\">\n\t\t\t<iframe loading=\"lazy\"\n\t\t\t\t\tsrc=\"https:\/\/maps.google.com\/maps?q=Fatih%2C%20Yakac%C4%B1k%20Cad.%20No%3A45%2FA%2C%2034885%20Sancaktepe%2F%C4%B0stanbul&#038;t=m&#038;z=15&#038;output=embed&#038;iwloc=near\"\n\t\t\t\t\ttitle=\"Fatih, Yakac\u0131k Cad. No:45\/A, 34885 Sancaktepe\/\u0130stanbul\"\n\t\t\t\t\taria-label=\"Fatih, Yakac\u0131k Cad. No:45\/A, 34885 Sancaktepe\/\u0130stanbul\"\n\t\t\t><\/iframe>\n\t\t<\/div>\n\t\t\t\t\t\t<\/div>\n\t\t            <\/div>\r\n        <\/div>\r\n        \t\t\t<\/div>\n\t\t<\/section>\n\t\t        <section class=\"elementor-section elementor-top-section elementor-element elementor-element-ddd16b9 elementor-section-boxed elementor-section-height-default elementor-section-height-default pxl-type-header-none pxl-row-scroll-none\" data-id=\"ddd16b9\" data-element_type=\"section\" data-e-type=\"section\" data-settings=\"{&quot;background_background&quot;:&quot;classic&quot;}\">\n\n                \n                <div class=\"elementor-container elementor-column-gap-extended\">\n                <div class=\"elementor-column elementor-col-50 elementor-top-column elementor-element elementor-element-16d29df pxl-column-element-default pxl-column-none pxl-column-overflow-hidden-no\" data-id=\"16d29df\" data-element_type=\"column\" data-e-type=\"column\">\r\n        <div class=\"elementor-widget-wrap elementor-element-populated\">\r\n                     \r\n        \t\t<div class=\"elementor-element elementor-element-92a344b elementor-widget elementor-widget-pxl_button\" data-id=\"92a344b\" data-element_type=\"widget\" data-e-type=\"widget\" data-widget_type=\"pxl_button.default\">\n\t\t\t\t<div class=\"elementor-widget-container\">\n\t\t\t\t\t<div class=\"pxl-button\">\r\n    <a class=\"btn  btn-default  pxl-icon--right\" href=\"#\" data-wow-delay=\"ms\">\r\n                <span class=\"pxl--btn-text\" data-text=\"QR PORT DIGITAL\">\r\n            QR PORT DIGITAL        <\/span>\r\n    <\/a>\r\n<\/div>\t\t\t\t<\/div>\n\t\t\t\t<\/div>\n\t\t\t\t<div class=\"elementor-element elementor-element-243d81e elementor-widget elementor-widget-pxl_heading\" data-id=\"243d81e\" data-element_type=\"widget\" data-e-type=\"widget\" data-widget_type=\"pxl_heading.default\">\n\t\t\t\t<div class=\"elementor-widget-container\">\n\t\t\t\t\t<div class=\"pxl-heading\">\n\t<div class=\"pxl-heading--inner\">\n\t\t\t\t<h3 class=\"pxl-item--title\" data-wow-delay=\"ms\">\n\t\t\tBize Ula\u015f\u0131n\t\t\n\t\t<\/h3>\n\t\t\t<\/div>\n<\/div>\t\t\t\t<\/div>\n\t\t\t\t<\/div>\n\t\t\t\t<div class=\"elementor-element elementor-element-6d5b460 elementor-widget elementor-widget-pxl_text_editor\" data-id=\"6d5b460\" data-element_type=\"widget\" data-e-type=\"widget\" data-widget_type=\"pxl_text_editor.default\">\n\t\t\t\t<div class=\"elementor-widget-container\">\n\t\t\t\t\t<div class=\"pxl-text-editor\">\n\t<div class=\"pxl-item--inner\" data-wow-delay=\"ms\">\n\t\t<p>QR Port Digital Technology olarak, elektrik ve enerji sistemleriyle ilgili t\u00fcm ihtiya\u00e7lar\u0131n\u0131zda yan\u0131n\u0131zday\u0131z. Projeleriniz hakk\u0131nda bilgi almak, teklif talep etmek ya da teknik destek almak i\u00e7in bizimle ileti\u015fime ge\u00e7ebilirsiniz. Uzman ekibimiz, en k\u0131sa s\u00fcrede size d\u00f6n\u00fc\u015f sa\u011flayarak en do\u011fru ve g\u00fcvenilir \u00e7\u00f6z\u00fcmleri sunacakt\u0131r.<\/p>\t<\/div>\n<\/div>\t\t\t\t<\/div>\n\t\t\t\t<\/div>\n\t\t            <\/div>\r\n        <\/div>\r\n                <div class=\"elementor-column elementor-col-50 elementor-top-column elementor-element elementor-element-da2a0a5 pxl-column-element-default pxl-column-none pxl-column-overflow-hidden-no\" data-id=\"da2a0a5\" data-element_type=\"column\" data-e-type=\"column\">\r\n        <div class=\"elementor-widget-wrap elementor-element-populated\">\r\n                     \r\n        \t\t<div class=\"elementor-element elementor-element-2177aad elementor-widget elementor-widget-pxl_contact_form\" data-id=\"2177aad\" data-element_type=\"widget\" data-e-type=\"widget\" data-widget_type=\"pxl_contact_form.default\">\n\t\t\t\t<div class=\"elementor-widget-container\">\n\t\t\t\t\t    <div class=\"pxl-contact-form pxl-contact-form1 btn-default btn-w-auto\" data-wow-delay=\"ms\">\r\n        \n<div class=\"wpcf7 no-js\" id=\"wpcf7-f615-o1\" lang=\"en-US\" dir=\"ltr\" data-wpcf7-id=\"615\">\n<div class=\"screen-reader-response\"><p role=\"status\" aria-live=\"polite\" aria-atomic=\"true\"><\/p> <ul><\/ul><\/div>\n<form action=\"\/en\/wp-json\/wp\/v2\/pages\/41#wpcf7-f615-o1\" method=\"post\" class=\"wpcf7-form init\" aria-label=\"Contact form\" novalidate=\"novalidate\" data-status=\"init\" data-trp-original-action=\"\/en\/wp-json\/wp\/v2\/pages\/41#wpcf7-f615-o1\">\n<fieldset class=\"hidden-fields-container\"><input type=\"hidden\" name=\"_wpcf7\" value=\"615\" \/><input type=\"hidden\" name=\"_wpcf7_version\" value=\"6.1.5\" \/><input type=\"hidden\" name=\"_wpcf7_locale\" value=\"en_US\" \/><input type=\"hidden\" name=\"_wpcf7_unit_tag\" value=\"wpcf7-f615-o1\" \/><input type=\"hidden\" name=\"_wpcf7_container_post\" value=\"0\" \/><input type=\"hidden\" name=\"_wpcf7_posted_data_hash\" value=\"\" \/>\n<\/fieldset>\n<div class=\"wp-row-ctf7\">\n\t<div class=\"row input-contact\">\n\t\t<div class=\"col-xl-6 col-lg-6 col-md-6 col-sm-12\">\n\t\t\t<div class=\"input-filled\">\n\t\t\t\t<p><span class=\"wpcf7-form-control-wrap\" data-name=\"your-name\"><input size=\"40\" maxlength=\"400\" class=\"wpcf7-form-control wpcf7-text wpcf7-validates-as-required\" autocomplete=\"name\" aria-required=\"true\" aria-invalid=\"false\" placeholder=\"Name*\" value=\"\" type=\"text\" name=\"your-name\" \/><\/span>\n\t\t\t\t<\/p>\n\t\t\t<\/div>\n\t\t<\/div>\n\t\t<div class=\"col-xl-6 col-lg-6 col-md-6 col-sm-12\">\n\t\t\t<div class=\"input-filled\">\n\t\t\t\t<p><span class=\"wpcf7-form-control-wrap\" data-name=\"your-email\"><input size=\"40\" maxlength=\"400\" class=\"wpcf7-form-control wpcf7-email wpcf7-validates-as-required wpcf7-text wpcf7-validates-as-email\" autocomplete=\"email\" aria-required=\"true\" aria-invalid=\"false\" placeholder=\"Email Address*\" value=\"\" type=\"email\" name=\"your-email\" \/><\/span>\n\t\t\t\t<\/p>\n\t\t\t<\/div>\n\t\t<\/div>\n\t\t<div class=\"col-xl-6 col-lg-6 col-md-6 col-sm-12\">\n\t\t\t<div class=\"input-filled\">\n\t\t\t\t<p><span class=\"wpcf7-form-control-wrap\" data-name=\"your-phone\"><input size=\"40\" maxlength=\"400\" class=\"wpcf7-form-control wpcf7-text wpcf7-validates-as-required\" aria-required=\"true\" aria-invalid=\"false\" placeholder=\"Phone No*\" value=\"\" type=\"text\" name=\"your-phone\" \/><\/span>\n\t\t\t\t<\/p>\n\t\t\t<\/div>\n\t\t<\/div>\n\t\t<div class=\"col-xl-6 col-lg-6 col-md-6 col-sm-12\">\n\t\t\t<div class=\"input-filled\">\n\t\t\t\t<p><span class=\"wpcf7-form-control-wrap\" data-name=\"text-664\"><input size=\"40\" maxlength=\"400\" class=\"wpcf7-form-control wpcf7-text wpcf7-validates-as-required\" aria-required=\"true\" aria-invalid=\"false\" placeholder=\"Subject*\" value=\"\" type=\"text\" name=\"text-664\" \/><\/span>\n\t\t\t\t<\/p>\n\t\t\t<\/div>\n\t\t<\/div>\n\t\t<div class=\"col-xl-12 col-lg-12 col-md-12 col-sm-12\">\n\t\t\t<div class=\"input-filled\">\n\t\t\t\t<p><span class=\"wpcf7-form-control-wrap\" data-name=\"textarea-571\"><textarea cols=\"40\" rows=\"10\" maxlength=\"2000\" class=\"wpcf7-form-control wpcf7-textarea\" aria-invalid=\"false\" placeholder=\"Message\" name=\"textarea-571\"><\/textarea><\/span>\n\t\t\t\t<\/p>\n\t\t\t<\/div>\n\t\t\t<div class=\"input-filled input-filled-btn\">\n\t\t\t\t<p><button class=\"wpcf7-submit\" type=\"submit\"><span>Send Request<\/span><\/button>\n\t\t\t\t<\/p>\n\t\t\t<\/div>\n\t\t<\/div>\n\t<\/div>\n<\/div><div class=\"wpcf7-response-output\" aria-hidden=\"true\"><\/div>\n<input type=\"hidden\" name=\"trp-form-language\" value=\"en\"\/><\/form>\n<\/div>\n    <\/div>\r\n\t\t\t\t<\/div>\n\t\t\t\t<\/div>\n\t\t            <\/div>\r\n        <\/div>\r\n        \t\t\t<\/div>\n\t\t<\/section>\n\t\t\t\t<\/div>","protected":false},"excerpt":{"rendered":"<p>E-Posta qrdigital@email.com qrdigital@info.com Telefon +90 554 321 228 11 +90 554 321 228 11 Konum Fatih, Yakac\u0131k Cad. No:45\/A, 34885 Sancaktepe\/\u0130stanbul QR PORT DIGITAL Bize Ula\u015f\u0131n QR Port Digital Technology olarak, elektrik ve enerji sistemleriyle ilgili t\u00fcm ihtiya\u00e7lar\u0131n\u0131zda yan\u0131n\u0131zday\u0131z. Projeleriniz hakk\u0131nda bilgi almak, teklif talep etmek ya da teknik destek almak i\u00e7in bizimle ileti\u015fime ge\u00e7ebilirsiniz. [&hellip;]<\/p>\n","protected":false},"author":1,"featured_media":0,"parent":0,"menu_order":0,"comment_status":"closed","ping_status":"closed","template":"","meta":{"footnotes":""},"class_list":["post-41","page","type-page","status-publish","hentry"],"_links":{"self":[{"href":"https:\/\/qr.reklamsart.com\/en\/wp-json\/wp\/v2\/pages\/41","targetHints":{"allow":["GET"]}}],"collection":[{"href":"https:\/\/qr.reklamsart.com\/en\/wp-json\/wp\/v2\/pages"}],"about":[{"href":"https:\/\/qr.reklamsart.com\/en\/wp-json\/wp\/v2\/types\/page"}],"author":[{"embeddable":true,"href":"https:\/\/qr.reklamsart.com\/en\/wp-json\/wp\/v2\/users\/1"}],"replies":[{"embeddable":true,"href":"https:\/\/qr.reklamsart.com\/en\/wp-json\/wp\/v2\/comments?post=41"}],"version-history":[{"count":7,"href":"https:\/\/qr.reklamsart.com\/en\/wp-json\/wp\/v2\/pages\/41\/revisions"}],"predecessor-version":[{"id":18353,"href":"https:\/\/qr.reklamsart.com\/en\/wp-json\/wp\/v2\/pages\/41\/revisions\/18353"}],"wp:attachment":[{"href":"https:\/\/qr.reklamsart.com\/en\/wp-json\/wp\/v2\/media?parent=41"}],"curies":[{"name":"wp","href":"https:\/\/api.w.org\/{rel}","templated":true}]}}