{"id":496,"date":"2024-03-28T14:38:39","date_gmt":"2024-03-28T14:38:39","guid":{"rendered":"https:\/\/demo.bravisthemes.com\/fixera\/?page_id=496"},"modified":"2024-03-28T14:38:39","modified_gmt":"2024-03-28T14:38:39","slug":"blog-standard-sidebar-right","status":"publish","type":"page","link":"https:\/\/qr.reklamsart.com\/en\/blog-standard-sidebar-right\/","title":{"rendered":"Blog Standard &#8211; Sidebar Right"},"content":{"rendered":"\t\t<div data-elementor-type=\"wp-page\" data-elementor-id=\"496\" class=\"elementor elementor-496\">\n\t\t\t\t        <section class=\"elementor-section elementor-top-section elementor-element elementor-element-6f56664 elementor-section-boxed elementor-section-height-default elementor-section-height-default pxl-type-header-none pxl-row-scroll-none\" data-id=\"6f56664\" data-element_type=\"section\" data-e-type=\"section\">\n\n                \n                <div class=\"elementor-container elementor-column-gap-extended \">\n                <div class=\"elementor-column elementor-col-100 elementor-top-column elementor-element elementor-element-521af6e pxl-column-element-default pxl-column-none pxl-column-overflow-hidden-no\" data-id=\"521af6e\" data-element_type=\"column\" data-e-type=\"column\">\r\n        <div class=\"elementor-widget-wrap elementor-element-populated\">\r\n                     \r\n        \t\t<div class=\"elementor-element elementor-element-986a70e pxl-post-layout-post-1 elementor-widget elementor-widget-pxl_post_grid\" data-id=\"986a70e\" data-element_type=\"widget\" data-e-type=\"widget\" data-widget_type=\"pxl_post_grid.default\">\n\t\t\t\t<div class=\"elementor-widget-container\">\n\t\t\t\t\t<div id=\"pxl_post_grid-986a70e-9850\" class=\"pxl-grid pxl-blog-grid pxl-blog-grid-layout1\" data-layout=\"masonry\" data-start-page=\"1\" data-max-pages=\"1\" data-total=\"3\" data-perpage=\"4\" data-next-link=\"\">\n    \n    <div class=\"pxl-grid-inner pxl-grid-masonry row\" data-gutter=\"15\">\n        <div class=\"grid-sizer col-xl-12 col-lg-12 col-md-12 col-sm-12 col-12\"><\/div>\n                    <div class=\"pxl-grid-item col-xl-12 col-lg-12 col-md-12 col-sm-12 col-12 qr-digital\">\n                <div class=\"pxl-item--inner \" data-wow-duration=\"1.2s\">\n                                            <div class=\"pxl-feature pxl-item--featured\">\n                            <a class=\"link-thumbnail\" href=\"https:\/\/qr.reklamsart.com\/en\/endustriyel-tesislerde-elektrik-altyapisinin-onemi\/\">\n                                <img fetchpriority=\"high\" decoding=\"async\" class=\"no-lazyload \" src=\"https:\/\/qr.reklamsart.com\/wp-content\/uploads\/2024\/05\/hvac-img-3-1-800x500.webp\" width=\"800\" height=\"500\" alt=\"hvac-img-3\" title=\"hvac-img-3\" \/>                            <\/a>\n                                                                                                <span class=\"item--date\">\n                                        <i class=\"bravisicon bravisicon-calendar-2\"><\/i>\n                                        April 28, 2026                                    <\/span>\n                                                                                        \n                        <\/div>\n                                        <div class=\"pxl-item--holder\">\n                                                    <div class=\"item--author\">\n                                <a href=\"https:\/\/qr.reklamsart.com\/en\/author\/cemilmonopenta-com\/\">\n                                    <img alt='' src='https:\/\/secure.gravatar.com\/avatar\/bf5a9f9325515b13bf4270961a35084c893fb384e7d87169ec1380cb72aa43ee?s=90&#038;d=mm&#038;r=g' srcset='https:\/\/secure.gravatar.com\/avatar\/bf5a9f9325515b13bf4270961a35084c893fb384e7d87169ec1380cb72aa43ee?s=180&#038;d=mm&#038;r=g 2x' class='avatar avatar-90 photo' height='90' width='90' \/>                                    cemil@monopenta.com                                <\/a>\n                            <\/div>\n                                                <h3 class=\"pxl-item--title\"><a href=\"https:\/\/qr.reklamsart.com\/en\/endustriyel-tesislerde-elektrik-altyapisinin-onemi\/\">End\u00fcstriyel Tesislerde Elektrik Altyap\u0131s\u0131n\u0131n \u00d6nemi<\/a><\/h3>\n                                                    <div class=\"pxl-item--content\">\n                                                            <\/div>\n                                                                            <a class=\"btn-showmore\" href=\"https:\/\/qr.reklamsart.com\/en\/endustriyel-tesislerde-elektrik-altyapisinin-onemi\/\">\n                                <span>Read More<\/span>\n                                <i class=\"bravisicon bravisicon-long-arrow-right-three\"><\/i>\n                            <\/a>\n                                            <\/div>\n                <\/div>\n            <\/div>\n                    <div class=\"pxl-grid-item col-xl-12 col-lg-12 col-md-12 col-sm-12 col-12 qr-digital\">\n                <div class=\"pxl-item--inner \" data-wow-duration=\"1.2s\">\n                                            <div class=\"pxl-feature pxl-item--featured\">\n                            <a class=\"link-thumbnail\" href=\"https:\/\/qr.reklamsart.com\/en\/jenerator-ve-ups-sistemleri-neden-hayati-onem-tasir\/\">\n                                <img decoding=\"async\" class=\"no-lazyload \" src=\"https:\/\/qr.reklamsart.com\/wp-content\/uploads\/2024\/05\/hvac-img-2-800x500.webp\" width=\"800\" height=\"500\" alt=\"hvac-img-2\" title=\"hvac-img-2\" \/>                            <\/a>\n                                                                                                <span class=\"item--date\">\n                                        <i class=\"bravisicon bravisicon-calendar-2\"><\/i>\n                                        April 28, 2026                                    <\/span>\n                                                                                        \n                        <\/div>\n                                        <div class=\"pxl-item--holder\">\n                                                    <div class=\"item--author\">\n                                <a href=\"https:\/\/qr.reklamsart.com\/en\/author\/cemilmonopenta-com\/\">\n                                    <img alt='' src='https:\/\/secure.gravatar.com\/avatar\/bf5a9f9325515b13bf4270961a35084c893fb384e7d87169ec1380cb72aa43ee?s=90&#038;d=mm&#038;r=g' srcset='https:\/\/secure.gravatar.com\/avatar\/bf5a9f9325515b13bf4270961a35084c893fb384e7d87169ec1380cb72aa43ee?s=180&#038;d=mm&#038;r=g 2x' class='avatar avatar-90 photo' height='90' width='90' \/>                                    cemil@monopenta.com                                <\/a>\n                            <\/div>\n                                                <h3 class=\"pxl-item--title\"><a href=\"https:\/\/qr.reklamsart.com\/en\/jenerator-ve-ups-sistemleri-neden-hayati-onem-tasir\/\">Jenerat\u00f6r ve UPS Sistemleri Neden Hayati \u00d6nem Ta\u015f\u0131r?<\/a><\/h3>\n                                                    <div class=\"pxl-item--content\">\n                                                            <\/div>\n                                                                            <a class=\"btn-showmore\" href=\"https:\/\/qr.reklamsart.com\/en\/jenerator-ve-ups-sistemleri-neden-hayati-onem-tasir\/\">\n                                <span>Read More<\/span>\n                                <i class=\"bravisicon bravisicon-long-arrow-right-three\"><\/i>\n                            <\/a>\n                                            <\/div>\n                <\/div>\n            <\/div>\n                    <div class=\"pxl-grid-item col-xl-12 col-lg-12 col-md-12 col-sm-12 col-12 qr-digital\">\n                <div class=\"pxl-item--inner \" data-wow-duration=\"1.2s\">\n                                            <div class=\"pxl-feature pxl-item--featured\">\n                            <a class=\"link-thumbnail\" href=\"https:\/\/qr.reklamsart.com\/en\/topraklama-ve-paratoner-sistemleri-neden-zorunludur\/\">\n                                <img decoding=\"async\" class=\"no-lazyload \" src=\"https:\/\/qr.reklamsart.com\/wp-content\/uploads\/2024\/05\/hvac-img-1-800x500.webp\" width=\"800\" height=\"500\" alt=\"hvac-img-1\" title=\"hvac-img-1\" \/>                            <\/a>\n                                                                                                <span class=\"item--date\">\n                                        <i class=\"bravisicon bravisicon-calendar-2\"><\/i>\n                                        April 28, 2026                                    <\/span>\n                                                                                        \n                        <\/div>\n                                        <div class=\"pxl-item--holder\">\n                                                    <div class=\"item--author\">\n                                <a href=\"https:\/\/qr.reklamsart.com\/en\/author\/cemilmonopenta-com\/\">\n                                    <img alt='' src='https:\/\/secure.gravatar.com\/avatar\/bf5a9f9325515b13bf4270961a35084c893fb384e7d87169ec1380cb72aa43ee?s=90&#038;d=mm&#038;r=g' srcset='https:\/\/secure.gravatar.com\/avatar\/bf5a9f9325515b13bf4270961a35084c893fb384e7d87169ec1380cb72aa43ee?s=180&#038;d=mm&#038;r=g 2x' class='avatar avatar-90 photo' height='90' width='90' \/>                                    cemil@monopenta.com                                <\/a>\n                            <\/div>\n                                                <h3 class=\"pxl-item--title\"><a href=\"https:\/\/qr.reklamsart.com\/en\/topraklama-ve-paratoner-sistemleri-neden-zorunludur\/\">Topraklama ve Paratoner Sistemleri Neden Zorunludur?<\/a><\/h3>\n                                                    <div class=\"pxl-item--content\">\n                                                            <\/div>\n                                                                            <a class=\"btn-showmore\" href=\"https:\/\/qr.reklamsart.com\/en\/topraklama-ve-paratoner-sistemleri-neden-zorunludur\/\">\n                                <span>Read More<\/span>\n                                <i class=\"bravisicon bravisicon-long-arrow-right-three\"><\/i>\n                            <\/a>\n                                            <\/div>\n                <\/div>\n            <\/div>\n            <\/div>\n            <div class=\"pxl-grid-pagination\" data-loadmore=\"{&quot;post_type&quot;:&quot;post&quot;,&quot;layout&quot;:&quot;post-1&quot;,&quot;layout_mode&quot;:&quot;masonry&quot;,&quot;startPage&quot;:1,&quot;maxPages&quot;:1,&quot;total&quot;:3,&quot;perpage&quot;:4,&quot;nextLink&quot;:&quot;&quot;,&quot;source&quot;:&quot;&quot;,&quot;orderby&quot;:&quot;date&quot;,&quot;order&quot;:&quot;desc&quot;,&quot;limit&quot;:4,&quot;post_ids&quot;:[],&quot;col_xl&quot;:12,&quot;col_lg&quot;:12,&quot;col_md&quot;:12,&quot;col_sm&quot;:12,&quot;col_xs&quot;:12,&quot;pagination_type&quot;:&quot;pagination&quot;,&quot;show_author&quot;:&quot;true&quot;,&quot;show_date&quot;:&quot;true&quot;,&quot;num_words&quot;:35,&quot;show_excerpt&quot;:&quot;true&quot;,&quot;show_button&quot;:&quot;true&quot;,&quot;button_text&quot;:&quot;&quot;,&quot;img_size&quot;:&quot;800x500&quot;,&quot;grid_masonry&quot;:&quot;&quot;,&quot;pxl_animate&quot;:&quot;&quot;,&quot;tax&quot;:[&quot;category&quot;]}\" data-query=\"{&quot;post_type&quot;:&quot;post&quot;,&quot;post_status&quot;:&quot;publish&quot;,&quot;posts_per_page&quot;:4,&quot;order&quot;:&quot;desc&quot;,&quot;orderby&quot;:&quot;date&quot;,&quot;tax_query&quot;:{&quot;relation&quot;:&quot;OR&quot;},&quot;post__not_in&quot;:[496]}\">\n                    <\/div>\n        <\/div>\t\t\t\t<\/div>\n\t\t\t\t<\/div>\n\t\t            <\/div>\r\n        <\/div>\r\n        \t\t\t<\/div>\n\t\t<\/section>\n\t\t\t\t<\/div>\n\t\t","protected":false},"excerpt":{"rendered":"<p>March 28, 2024 Rayan Kellar Ecology Scoping in the Survey Guidelines We are committed to offering the best plumbing services to meet your unique needs. We fixera understand that plumbing issues can be disruptive and stressful, which is why we go above and beyond to deliver&hellip; Read More March 27, 2024 Rayan Kellar How the [&hellip;]<\/p>\n","protected":false},"author":1,"featured_media":0,"parent":0,"menu_order":0,"comment_status":"closed","ping_status":"closed","template":"","meta":{"footnotes":""},"class_list":["post-496","page","type-page","status-publish","hentry"],"_links":{"self":[{"href":"https:\/\/qr.reklamsart.com\/en\/wp-json\/wp\/v2\/pages\/496","targetHints":{"allow":["GET"]}}],"collection":[{"href":"https:\/\/qr.reklamsart.com\/en\/wp-json\/wp\/v2\/pages"}],"about":[{"href":"https:\/\/qr.reklamsart.com\/en\/wp-json\/wp\/v2\/types\/page"}],"author":[{"embeddable":true,"href":"https:\/\/qr.reklamsart.com\/en\/wp-json\/wp\/v2\/users\/1"}],"replies":[{"embeddable":true,"href":"https:\/\/qr.reklamsart.com\/en\/wp-json\/wp\/v2\/comments?post=496"}],"version-history":[{"count":0,"href":"https:\/\/qr.reklamsart.com\/en\/wp-json\/wp\/v2\/pages\/496\/revisions"}],"wp:attachment":[{"href":"https:\/\/qr.reklamsart.com\/en\/wp-json\/wp\/v2\/media?parent=496"}],"curies":[{"name":"wp","href":"https:\/\/api.w.org\/{rel}","templated":true}]}}